{"id":1245,"date":"2023-01-23T17:25:25","date_gmt":"2023-01-23T17:25:25","guid":{"rendered":"https:\/\/casamentos.quintadaeira.com\/?page_id=1245"},"modified":"2023-02-27T02:09:56","modified_gmt":"2023-02-27T02:09:56","slug":"galeria","status":"publish","type":"page","link":"https:\/\/casamentos.quintadaeira.com\/en\/galeria\/","title":{"rendered":"Galeria"},"content":{"rendered":"<div data-elementor-type=\"wp-page\" data-elementor-id=\"1245\" class=\"elementor elementor-1245\">\n\t\t\t\t\t\t<section class=\"elementor-section elementor-top-section elementor-element elementor-element-62bd0b5d elementor-section-height-min-height banner elementor-section-boxed elementor-section-height-default elementor-section-items-middle\" data-id=\"62bd0b5d\" data-element_type=\"section\" data-settings=\"{&quot;background_background&quot;:&quot;classic&quot;}\">\n\t\t\t\t\t\t\t<div class=\"elementor-background-overlay\"><\/div>\n\t\t\t\t\t\t\t<div class=\"elementor-container elementor-column-gap-no\">\n\t\t\t\t\t<div class=\"elementor-column elementor-col-100 elementor-top-column elementor-element elementor-element-6503d9e9\" data-id=\"6503d9e9\" data-element_type=\"column\">\n\t\t\t<div class=\"elementor-widget-wrap\">\n\t\t\t\t\t\t\t<\/div>\n\t\t<\/div>\n\t\t\t\t\t<\/div>\n\t\t<\/section>\n\t\t\t\t<section class=\"elementor-section elementor-top-section elementor-element elementor-element-4542bcac elementor-section-boxed elementor-section-height-default elementor-section-height-default\" data-id=\"4542bcac\" data-element_type=\"section\">\n\t\t\t\t\t\t<div class=\"elementor-container elementor-column-gap-no\">\n\t\t\t\t\t<div class=\"elementor-column elementor-col-100 elementor-top-column elementor-element elementor-element-afea5f0\" data-id=\"afea5f0\" data-element_type=\"column\">\n\t\t\t<div class=\"elementor-widget-wrap elementor-element-populated\">\n\t\t\t\t\t\t<div class=\"elementor-element elementor-element-360ff667 elementor-align-center elementor-mobile-align-center elementor-widget__width-initial elementor-widget elementor-widget-button\" data-id=\"360ff667\" data-element_type=\"widget\" data-widget_type=\"button.default\">\n\t\t\t\t<div class=\"elementor-widget-container\">\n\t\t\t\t\t\t\t\t\t<div class=\"elementor-button-wrapper\">\n\t\t\t\t\t<a class=\"elementor-button elementor-button-link elementor-size-lg\" href=\"https:\/\/casamentos.quintadaeira.com\/en\/servicos\/\">\n\t\t\t\t\t\t<span class=\"elementor-button-content-wrapper\">\n\t\t\t\t\t\t\t\t\t<span class=\"elementor-button-text\">PORTRAIT &amp; EVENTS PHOTOGRAPHER<\/span>\n\t\t\t\t\t<\/span>\n\t\t\t\t\t<\/a>\n\t\t\t\t<\/div>\n\t\t\t\t\t\t\t\t<\/div>\n\t\t\t\t<\/div>\n\t\t\t\t\t<\/div>\n\t\t<\/div>\n\t\t\t\t\t<\/div>\n\t\t<\/section>\n\t\t\t\t<section class=\"elementor-section elementor-top-section elementor-element elementor-element-ace3e0e blog-section elementor-section-boxed elementor-section-height-default elementor-section-height-default\" data-id=\"ace3e0e\" data-element_type=\"section\">\n\t\t\t\t\t\t<div class=\"elementor-container elementor-column-gap-default\">\n\t\t\t\t\t<div class=\"elementor-column elementor-col-100 elementor-top-column elementor-element elementor-element-bf64934\" data-id=\"bf64934\" data-element_type=\"column\">\n\t\t\t<div class=\"elementor-widget-wrap elementor-element-populated\">\n\t\t\t\t\t\t<div class=\"elementor-element elementor-element-223a2ba uael-post__filter-align-center uael-posts-thumbnail-ratio elementor-widget elementor-widget-uael-posts\" data-id=\"223a2ba\" data-element_type=\"widget\" data-settings=\"{&quot;feed_slides_to_show_tablet&quot;:2,&quot;feed_slides_to_show_mobile&quot;:1,&quot;feed_pagination_type&quot;:&quot;ajax&quot;}\" data-widget_type=\"uael-posts.feed\">\n\t\t\t\t<div class=\"elementor-widget-container\">\n\t\t\t\t\t\t\t<div class=\"uael-post__header\">\r\n\t\t\t\t\t<div class=\"uael-post__header-filters-wrap\">\r\n\t\t\t<ul class=\"uael-post__header-filters\" aria-label=\"Taxonomy Filter\">\r\n\t\t\t\t<li class=\"uael-post__header-filter uael-filter__current\" data-filter=\"*\">All<\/li>\r\n\t\t\t\t\t\t\t\t<li class=\"uael-post__header-filter\" data-filter=\".exterior\" tabindex=\"0\">Exterior<\/li>\r\n\t\t\t\t\t\t\t\t<li class=\"uael-post__header-filter\" data-filter=\".uncategorized\" tabindex=\"0\">Uncategorized<\/li>\r\n\t\t\t\t\t\t\t<\/ul>\r\n\r\n\t\t\t\t\t<\/div>\r\n\t\t\t\t<\/div>\r\n\t\t<div class=\"uael-post__body\">\r\n\t\t\t\r\n\t\t\r\n\t\t<div class=\"uael-post-grid uael-posts\" data-query-type=\"custom\" data-structure=\"\" data-layout=\"\" data-page=\"1245\" data-skin=\"feed\" data-filter-default=\"All\" data-offset-top=\"30\" >\r\n\r\n\t\t\t\t\t\t\t<div class=\"uael-post-grid__inner uael-post__columns-1 uael-post__columns-tablet-1 uael-post__columns-mobile-1\">\r\n\t\t\t\r\n\r\n<div class=\"uael-post-wrapper  exterior uncategorized\">\r\n\r\n\t<div class=\"uael-post__bg-wrap\">\r\n\t\t\r\n\t\t\r\n\t\t<div class=\"uael-post__inner-wrap\">\r\n\r\n\t\t\t\t<div class=\"uael-post__thumbnail\">\r\n\t\t\t\r\n\t\t\t<a href=\"https:\/\/casamentos.quintadaeira.com\/en\/casar-ao-ar-livre\/\" target=\"_self\" title=\"PORQUE CASAR AO AR LIVRE \u00c9 A MELHOR OP\u00c7\u00c3O&#8230;\"><img fetchpriority=\"high\" decoding=\"async\" width=\"2560\" height=\"1707\" src=\"https:\/\/casamentos.quintadaeira.com\/wp-content\/uploads\/2023\/01\/FP.Casamento.0444-scaled.jpg\" class=\"attachment-full size-full wp-image-4273\" alt=\"\" srcset=\"https:\/\/casamentos.quintadaeira.com\/wp-content\/uploads\/2023\/01\/FP.Casamento.0444-scaled.jpg 2560w, https:\/\/casamentos.quintadaeira.com\/wp-content\/uploads\/2023\/01\/FP.Casamento.0444-300x200.jpg 300w, https:\/\/casamentos.quintadaeira.com\/wp-content\/uploads\/2023\/01\/FP.Casamento.0444-1024x683.jpg 1024w, https:\/\/casamentos.quintadaeira.com\/wp-content\/uploads\/2023\/01\/FP.Casamento.0444-768x512.jpg 768w, https:\/\/casamentos.quintadaeira.com\/wp-content\/uploads\/2023\/01\/FP.Casamento.0444-1536x1024.jpg 1536w, https:\/\/casamentos.quintadaeira.com\/wp-content\/uploads\/2023\/01\/FP.Casamento.0444-2048x1365.jpg 2048w, https:\/\/casamentos.quintadaeira.com\/wp-content\/uploads\/2023\/01\/FP.Casamento.0444-18x12.jpg 18w\" sizes=\"(max-width: 2560px) 100vw, 2560px\" \/><\/a>\r\n\t\t\t\t\t<\/div>\r\n\t\t\r\n\t\t\t\r\n\t\t\t<div class=\"uael-post__content-wrap\">\r\n\r\n\t\t\t<span class=\"uael-post__terms\"><a href=\"https:\/\/casamentos.quintadaeira.com\/en\/category\/exterior\/\" class=\"uael-listing__terms-link\" id=\"uael-post-term-exterior\" aria-labelledby=\"uael-post-term-exterior\">Exterior<\/a><a href=\"https:\/\/casamentos.quintadaeira.com\/en\/category\/uncategorized\/\" class=\"uael-listing__terms-link\" id=\"uael-post-term-uncategorized\" aria-labelledby=\"uael-post-term-uncategorized\">Uncategorized<\/a><\/span>\t\t<h3 class=\"uael-post__title\">\r\n\r\n\t\t\r\n\t\t\t\t\t\t<a href=\"https:\/\/casamentos.quintadaeira.com\/en\/casar-ao-ar-livre\/\" target=\"_self\">\r\n\t\t\t\tPORQUE CASAR AO AR LIVRE \u00c9 A MELHOR OP\u00c7\u00c3O&#8230;\t\t\t<\/a>\r\n\r\n\t\t\t\t<\/h3>\r\n\t\t<div class=\"uael-post__separator\"><\/div>\r\n\t\t<div class=\"uael-post__excerpt\">\r\n\t\t\t<p>Quatro vantagens de casar na natureza: porque casar ao ar livre \u00e9 a sua melhor op\u00e7\u00e3o. O casamento e\u0301 para muitos a altura mais feliz &#8230;<\/p>\n\t\t<\/div>\r\n\r\n\t\t\t\t\t<div class=\"uael-post__meta-data\">\r\n\t\t\t\t\t<span class=\"uael-post__author\">\r\n\t\t\t\r\n\t\t\t\t\t\t\t\t\t\t\t<i aria-hidden=\"true\" class=\"fa fa-user\"><\/i>\t\t\t\t\t\t\t\t\t\r\n\t\t\t<a href=\"https:\/\/casamentos.quintadaeira.com\/en\/author\/khairuljf\/\" title=\"Posts by khairul\" rel=\"author\">khairul<\/a>\t\t<\/span>\r\n\t\t\t\t<span class=\"uael-post__date\">\r\n\t\t\t\t\t\t\t\t\t\t\t\t\t<i aria-hidden=\"true\" class=\"fa fa-calendar\"><\/i>\t\t\t\t\t\t\t\t\t\r\n\t\t\t26\/01\/2023\t\t<\/span>\r\n\t\t\t\t<span class=\"uael-post__comments\">\r\n\t\t\t\t\t\t\t\t\t\t\t\t<i aria-hidden=\"true\" class=\"fa fa-comments\"><\/i>\t\t\t\t\t\t\t\t\t\tNo Comments\t\t<\/span>\r\n\t\t\t\t<\/div>\r\n\t\t\t\t\t<a class=\"uael-post__read-more elementor-button\" href=\"https:\/\/casamentos.quintadaeira.com\/en\/casar-ao-ar-livre\/\" target=\"_self\" aria-labelledby=\"uael-post-1635\">\r\n\t\t\t\t\t<span class=\"elementor-button-content-wrapper\">\r\n\t\t\t\t\t\t\t\t\t\t\t\t\t\t<span class=\"elementor-button-icon elementor-align-icon-right\">\r\n\r\n\t\t\t\t\t\t\t\t\t<i aria-hidden=\"true\" class=\"fas fa-arrow-right\"><\/i>\r\n\t\t\t\t\t\t\t\t<\/span>\r\n\t\t\t\t\t\t\t\t\t\t\t\t\t\r\n\t\t\t\t\t\t<span class=\"elementor-button-text\" id=\"uael-post-1635\">Read More<\/span>\r\n\t\t\t\t\t<\/span>\r\n\t\t\t\t<\/a>\r\n\t\t\t\t\t\t<\/div>\r\n\t\t\t\r\n\t\t<\/div>\r\n\t\t\r\n\t<\/div>\r\n\r\n<\/div>\r\n\r\n\r\n<div class=\"uael-post-wrapper  uncategorized\">\r\n\r\n\t<div class=\"uael-post__bg-wrap\">\r\n\t\t\r\n\t\t\r\n\t\t<div class=\"uael-post__inner-wrap\">\r\n\r\n\t\t\t\t<div class=\"uael-post__thumbnail\">\r\n\t\t\t\r\n\t\t\t<a href=\"https:\/\/casamentos.quintadaeira.com\/en\/blog-post-title-2\/\" target=\"_self\" title=\"Blog Post Title\"><img decoding=\"async\" width=\"252\" height=\"252\" src=\"https:\/\/casamentos.quintadaeira.com\/wp-content\/uploads\/2023\/01\/g8.png\" class=\"attachment-full size-full wp-image-1479\" alt=\"\" srcset=\"https:\/\/casamentos.quintadaeira.com\/wp-content\/uploads\/2023\/01\/g8.png 252w, https:\/\/casamentos.quintadaeira.com\/wp-content\/uploads\/2023\/01\/g8-150x150.png 150w, https:\/\/casamentos.quintadaeira.com\/wp-content\/uploads\/2023\/01\/g8-12x12.png 12w\" sizes=\"(max-width: 252px) 100vw, 252px\" \/><\/a>\r\n\t\t\t\t\t<\/div>\r\n\t\t\r\n\t\t\t\r\n\t\t\t<div class=\"uael-post__content-wrap\">\r\n\r\n\t\t\t<span class=\"uael-post__terms\"><a href=\"https:\/\/casamentos.quintadaeira.com\/en\/category\/uncategorized\/\" class=\"uael-listing__terms-link\" id=\"uael-post-term-uncategorized\" aria-labelledby=\"uael-post-term-uncategorized\">Uncategorized<\/a><\/span>\t\t<h3 class=\"uael-post__title\">\r\n\r\n\t\t\r\n\t\t\t\t\t\t<a href=\"https:\/\/casamentos.quintadaeira.com\/en\/blog-post-title-2\/\" target=\"_self\">\r\n\t\t\t\tBlog Post Title\t\t\t<\/a>\r\n\r\n\t\t\t\t<\/h3>\r\n\t\t<div class=\"uael-post__separator\"><\/div>\r\n\t\t<div class=\"uael-post__excerpt\">\r\n\t\t\t<p>It is a long established fact that a reader will be distracted by the readable content of a page when looking at its layout. The &#8230;<\/p>\n\t\t<\/div>\r\n\r\n\t\t\t\t\t<div class=\"uael-post__meta-data\">\r\n\t\t\t\t\t<span class=\"uael-post__author\">\r\n\t\t\t\r\n\t\t\t\t\t\t\t\t\t\t\t<i aria-hidden=\"true\" class=\"fa fa-user\"><\/i>\t\t\t\t\t\t\t\t\t\r\n\t\t\t<a href=\"https:\/\/casamentos.quintadaeira.com\/en\/author\/luispintodasilva\/\" title=\"Posts by luispintodasilva\" rel=\"author\">luispintodasilva<\/a>\t\t<\/span>\r\n\t\t\t\t<span class=\"uael-post__date\">\r\n\t\t\t\t\t\t\t\t\t\t\t\t\t<i aria-hidden=\"true\" class=\"fa fa-calendar\"><\/i>\t\t\t\t\t\t\t\t\t\r\n\t\t\t08\/01\/2022\t\t<\/span>\r\n\t\t\t\t<span class=\"uael-post__comments\">\r\n\t\t\t\t\t\t\t\t\t\t\t\t<i aria-hidden=\"true\" class=\"fa fa-comments\"><\/i>\t\t\t\t\t\t\t\t\t\tNo Comments\t\t<\/span>\r\n\t\t\t\t<\/div>\r\n\t\t\t\t\t<a class=\"uael-post__read-more elementor-button\" href=\"https:\/\/casamentos.quintadaeira.com\/en\/blog-post-title-2\/\" target=\"_self\" aria-labelledby=\"uael-post-1114\">\r\n\t\t\t\t\t<span class=\"elementor-button-content-wrapper\">\r\n\t\t\t\t\t\t\t\t\t\t\t\t\t\t<span class=\"elementor-button-icon elementor-align-icon-right\">\r\n\r\n\t\t\t\t\t\t\t\t\t<i aria-hidden=\"true\" class=\"fas fa-arrow-right\"><\/i>\r\n\t\t\t\t\t\t\t\t<\/span>\r\n\t\t\t\t\t\t\t\t\t\t\t\t\t\r\n\t\t\t\t\t\t<span class=\"elementor-button-text\" id=\"uael-post-1114\">Read More<\/span>\r\n\t\t\t\t\t<\/span>\r\n\t\t\t\t<\/a>\r\n\t\t\t\t\t\t<\/div>\r\n\t\t\t\r\n\t\t<\/div>\r\n\t\t\r\n\t<\/div>\r\n\r\n<\/div>\r\n\r\n\r\n<div class=\"uael-post-wrapper  uncategorized\">\r\n\r\n\t<div class=\"uael-post__bg-wrap\">\r\n\t\t\r\n\t\t\r\n\t\t<div class=\"uael-post__inner-wrap\">\r\n\r\n\t\t\t\t<div class=\"uael-post__thumbnail\">\r\n\t\t\t\r\n\t\t\t<a href=\"https:\/\/casamentos.quintadaeira.com\/en\/hello-world\/\" target=\"_self\" title=\"Blog Post Title\"><img decoding=\"async\" width=\"253\" height=\"252\" src=\"https:\/\/casamentos.quintadaeira.com\/wp-content\/uploads\/2023\/01\/g7.png\" class=\"attachment-full size-full wp-image-1478\" alt=\"\" srcset=\"https:\/\/casamentos.quintadaeira.com\/wp-content\/uploads\/2023\/01\/g7.png 253w, https:\/\/casamentos.quintadaeira.com\/wp-content\/uploads\/2023\/01\/g7-150x150.png 150w, https:\/\/casamentos.quintadaeira.com\/wp-content\/uploads\/2023\/01\/g7-12x12.png 12w\" sizes=\"(max-width: 253px) 100vw, 253px\" \/><\/a>\r\n\t\t\t\t\t<\/div>\r\n\t\t\r\n\t\t\t\r\n\t\t\t<div class=\"uael-post__content-wrap\">\r\n\r\n\t\t\t<span class=\"uael-post__terms\"><a href=\"https:\/\/casamentos.quintadaeira.com\/en\/category\/uncategorized\/\" class=\"uael-listing__terms-link\" id=\"uael-post-term-uncategorized\" aria-labelledby=\"uael-post-term-uncategorized\">Uncategorized<\/a><\/span>\t\t<h3 class=\"uael-post__title\">\r\n\r\n\t\t\r\n\t\t\t\t\t\t<a href=\"https:\/\/casamentos.quintadaeira.com\/en\/hello-world\/\" target=\"_self\">\r\n\t\t\t\tBlog Post Title\t\t\t<\/a>\r\n\r\n\t\t\t\t<\/h3>\r\n\t\t<div class=\"uael-post__separator\"><\/div>\r\n\t\t<div class=\"uael-post__excerpt\">\r\n\t\t\t<p>Welcome to WordPress. This is your first post. Edit or delete it, then start writing!<\/p>\n\t\t<\/div>\r\n\r\n\t\t\t\t\t<div class=\"uael-post__meta-data\">\r\n\t\t\t\t\t<span class=\"uael-post__author\">\r\n\t\t\t\r\n\t\t\t\t\t\t\t\t\t\t\t<i aria-hidden=\"true\" class=\"fa fa-user\"><\/i>\t\t\t\t\t\t\t\t\t\r\n\t\t\t<a href=\"https:\/\/casamentos.quintadaeira.com\/en\/author\/luispintodasilva\/\" title=\"Posts by luispintodasilva\" rel=\"author\">luispintodasilva<\/a>\t\t<\/span>\r\n\t\t\t\t<span class=\"uael-post__date\">\r\n\t\t\t\t\t\t\t\t\t\t\t\t\t<i aria-hidden=\"true\" class=\"fa fa-calendar\"><\/i>\t\t\t\t\t\t\t\t\t\r\n\t\t\t12\/11\/2021\t\t<\/span>\r\n\t\t\t\t<span class=\"uael-post__comments\">\r\n\t\t\t\t\t\t\t\t\t\t\t\t<i aria-hidden=\"true\" class=\"fa fa-comments\"><\/i>\t\t\t\t\t\t\t\t\t\tNo Comments\t\t<\/span>\r\n\t\t\t\t<\/div>\r\n\t\t\t\t\t<a class=\"uael-post__read-more elementor-button\" href=\"https:\/\/casamentos.quintadaeira.com\/en\/hello-world\/\" target=\"_self\" aria-labelledby=\"uael-post-1\">\r\n\t\t\t\t\t<span class=\"elementor-button-content-wrapper\">\r\n\t\t\t\t\t\t\t\t\t\t\t\t\t\t<span class=\"elementor-button-icon elementor-align-icon-right\">\r\n\r\n\t\t\t\t\t\t\t\t\t<i aria-hidden=\"true\" class=\"fas fa-arrow-right\"><\/i>\r\n\t\t\t\t\t\t\t\t<\/span>\r\n\t\t\t\t\t\t\t\t\t\t\t\t\t\r\n\t\t\t\t\t\t<span class=\"elementor-button-text\" id=\"uael-post-1\">Read More<\/span>\r\n\t\t\t\t\t<\/span>\r\n\t\t\t\t<\/a>\r\n\t\t\t\t\t\t<\/div>\r\n\t\t\t\r\n\t\t<\/div>\r\n\t\t\r\n\t<\/div>\r\n\r\n<\/div>\r\n\t\t\t\t<\/div>\r\n\t\t\t\t\t\t\r\n\t\t<\/div>\r\n\r\n\t\t\t\t\t\t<\/div>\r\n\t\t<div class=\"uael-post__footer\">\r\n\t\t\t\t\t<\/div>\r\n\t\t\t\t\t\t<\/div>\n\t\t\t\t<\/div>\n\t\t\t\t\t<\/div>\n\t\t<\/div>\n\t\t\t\t\t<\/div>\n\t\t<\/section>\n\t\t\t\t<\/div>","protected":false},"excerpt":{"rendered":"<p>PORTRAIT &#038; EVENTS PHOTOGRAPHER All Cat 1 cat 2 Uncategorized Cat 1cat 2 Blog Post Title Welcome to WordPress. This is your first post. Edit or delete it, then start writing! khairul 26\/01\/2023 No Comments Read More Uncategorized Blog Post Title Welcome to WordPress. This is your first post. Edit or delete it, then start &hellip;<\/p>\n<p class=\"read-more\"> <a class=\"\" href=\"https:\/\/casamentos.quintadaeira.com\/en\/hello-world\/\"> <span class=\"screen-reader-text\">Blog Post Title<\/span> Read More &raquo;<\/a><\/p>","protected":false},"author":2,"featured_media":0,"parent":0,"menu_order":0,"comment_status":"closed","ping_status":"closed","template":"","meta":{"site-sidebar-layout":"no-sidebar","site-content-layout":"page-builder","ast-global-header-display":"","ast-banner-title-visibility":"","ast-main-header-display":"","ast-hfb-above-header-display":"","ast-hfb-below-header-display":"","ast-hfb-mobile-header-display":"","site-post-title":"disabled","ast-breadcrumbs-content":"","ast-featured-img":"disabled","footer-sml-layout":"","theme-transparent-header-meta":"default","adv-header-id-meta":"","stick-header-meta":"","header-above-stick-meta":"","header-main-stick-meta":"","header-below-stick-meta":"","footnotes":""},"class_list":["post-1245","page","type-page","status-publish","hentry"],"yoast_head":"<!-- This site is optimized with the Yoast SEO plugin v26.2 - https:\/\/yoast.com\/wordpress\/plugins\/seo\/ -->\n<title>Galeria - Quinta da Eira | Casamentos<\/title>\n<meta name=\"robots\" content=\"index, follow, max-snippet:-1, max-image-preview:large, max-video-preview:-1\" \/>\n<link rel=\"canonical\" href=\"https:\/\/casamentos.quintadaeira.com\/en\/galeria\/\" \/>\n<meta property=\"og:locale\" content=\"en_US\" \/>\n<meta property=\"og:type\" content=\"article\" \/>\n<meta property=\"og:title\" content=\"Galeria - Quinta da Eira | Casamentos\" \/>\n<meta property=\"og:description\" content=\"PORTRAIT &#038; EVENTS PHOTOGRAPHER All Cat 1 cat 2 Uncategorized Cat 1cat 2 Blog Post Title Welcome to WordPress. This is your first post. Edit or delete it, then start writing! khairul 26\/01\/2023 No Comments Read More Uncategorized Blog Post Title Welcome to WordPress. This is your first post. Edit or delete it, then start &hellip; Blog Post Title Read More &raquo;\" \/>\n<meta property=\"og:url\" content=\"https:\/\/casamentos.quintadaeira.com\/en\/galeria\/\" \/>\n<meta property=\"og:site_name\" content=\"Quinta da Eira | Casamentos\" \/>\n<meta property=\"article:modified_time\" content=\"2023-02-27T02:09:56+00:00\" \/>\n<meta property=\"og:image\" content=\"https:\/\/casamentos.quintadaeira.com\/wp-content\/uploads\/2023\/01\/Follower-with-women.jpg\" \/>\n<meta name=\"twitter:card\" content=\"summary_large_image\" \/>\n<script type=\"application\/ld+json\" class=\"yoast-schema-graph\">{\"@context\":\"https:\/\/schema.org\",\"@graph\":[{\"@type\":\"WebPage\",\"@id\":\"https:\/\/casamentos.quintadaeira.com\/galeria\/\",\"url\":\"https:\/\/casamentos.quintadaeira.com\/galeria\/\",\"name\":\"Galeria - Quinta da Eira | Casamentos\",\"isPartOf\":{\"@id\":\"https:\/\/casamentos.quintadaeira.com\/#website\"},\"primaryImageOfPage\":{\"@id\":\"https:\/\/casamentos.quintadaeira.com\/galeria\/#primaryimage\"},\"image\":{\"@id\":\"https:\/\/casamentos.quintadaeira.com\/galeria\/#primaryimage\"},\"thumbnailUrl\":\"https:\/\/casamentos.quintadaeira.com\/wp-content\/uploads\/2023\/01\/Follower-with-women.jpg\",\"datePublished\":\"2023-01-23T17:25:25+00:00\",\"dateModified\":\"2023-02-27T02:09:56+00:00\",\"breadcrumb\":{\"@id\":\"https:\/\/casamentos.quintadaeira.com\/galeria\/#breadcrumb\"},\"inLanguage\":\"en-US\",\"potentialAction\":[{\"@type\":\"ReadAction\",\"target\":[\"https:\/\/casamentos.quintadaeira.com\/galeria\/\"]}]},{\"@type\":\"ImageObject\",\"inLanguage\":\"en-US\",\"@id\":\"https:\/\/casamentos.quintadaeira.com\/galeria\/#primaryimage\",\"url\":\"https:\/\/casamentos.quintadaeira.com\/wp-content\/uploads\/2023\/01\/Follower-with-women.jpg\",\"contentUrl\":\"https:\/\/casamentos.quintadaeira.com\/wp-content\/uploads\/2023\/01\/Follower-with-women.jpg\"},{\"@type\":\"BreadcrumbList\",\"@id\":\"https:\/\/casamentos.quintadaeira.com\/galeria\/#breadcrumb\",\"itemListElement\":[{\"@type\":\"ListItem\",\"position\":1,\"name\":\"Home\",\"item\":\"https:\/\/casamentos.quintadaeira.com\/\"},{\"@type\":\"ListItem\",\"position\":2,\"name\":\"Galeria\"}]},{\"@type\":\"WebSite\",\"@id\":\"https:\/\/casamentos.quintadaeira.com\/#website\",\"url\":\"https:\/\/casamentos.quintadaeira.com\/\",\"name\":\"Quinta da Eira | Casamentos\",\"description\":\"Casamentos \u00danicos e Inesquec\u00edveis\",\"publisher\":{\"@id\":\"https:\/\/casamentos.quintadaeira.com\/#organization\"},\"potentialAction\":[{\"@type\":\"SearchAction\",\"target\":{\"@type\":\"EntryPoint\",\"urlTemplate\":\"https:\/\/casamentos.quintadaeira.com\/?s={search_term_string}\"},\"query-input\":{\"@type\":\"PropertyValueSpecification\",\"valueRequired\":true,\"valueName\":\"search_term_string\"}}],\"inLanguage\":\"en-US\"},{\"@type\":\"Organization\",\"@id\":\"https:\/\/casamentos.quintadaeira.com\/#organization\",\"name\":\"Quinta da Eira | Casamentos\",\"url\":\"https:\/\/casamentos.quintadaeira.com\/\",\"logo\":{\"@type\":\"ImageObject\",\"inLanguage\":\"en-US\",\"@id\":\"https:\/\/casamentos.quintadaeira.com\/#\/schema\/logo\/image\/\",\"url\":\"https:\/\/casamentos.quintadaeira.com\/wp-content\/uploads\/2020\/04\/LOGO-B.png\",\"contentUrl\":\"https:\/\/casamentos.quintadaeira.com\/wp-content\/uploads\/2020\/04\/LOGO-B.png\",\"width\":1132,\"height\":1642,\"caption\":\"Quinta da Eira | Casamentos\"},\"image\":{\"@id\":\"https:\/\/casamentos.quintadaeira.com\/#\/schema\/logo\/image\/\"}}]}<\/script>\n<!-- \/ Yoast SEO plugin. -->","yoast_head_json":{"title":"Galeria - Quinta da Eira | Casamentos","robots":{"index":"index","follow":"follow","max-snippet":"max-snippet:-1","max-image-preview":"max-image-preview:large","max-video-preview":"max-video-preview:-1"},"canonical":"https:\/\/casamentos.quintadaeira.com\/en\/galeria\/","og_locale":"en_US","og_type":"article","og_title":"Galeria - Quinta da Eira | Casamentos","og_description":"PORTRAIT &#038; EVENTS PHOTOGRAPHER All Cat 1 cat 2 Uncategorized Cat 1cat 2 Blog Post Title Welcome to WordPress. This is your first post. Edit or delete it, then start writing! khairul 26\/01\/2023 No Comments Read More Uncategorized Blog Post Title Welcome to WordPress. This is your first post. Edit or delete it, then start &hellip; Blog Post Title Read More &raquo;","og_url":"https:\/\/casamentos.quintadaeira.com\/en\/galeria\/","og_site_name":"Quinta da Eira | Casamentos","article_modified_time":"2023-02-27T02:09:56+00:00","og_image":[{"url":"https:\/\/casamentos.quintadaeira.com\/wp-content\/uploads\/2023\/01\/Follower-with-women.jpg","type":"","width":"","height":""}],"twitter_card":"summary_large_image","schema":{"@context":"https:\/\/schema.org","@graph":[{"@type":"WebPage","@id":"https:\/\/casamentos.quintadaeira.com\/galeria\/","url":"https:\/\/casamentos.quintadaeira.com\/galeria\/","name":"Galeria - Quinta da Eira | Casamentos","isPartOf":{"@id":"https:\/\/casamentos.quintadaeira.com\/#website"},"primaryImageOfPage":{"@id":"https:\/\/casamentos.quintadaeira.com\/galeria\/#primaryimage"},"image":{"@id":"https:\/\/casamentos.quintadaeira.com\/galeria\/#primaryimage"},"thumbnailUrl":"https:\/\/casamentos.quintadaeira.com\/wp-content\/uploads\/2023\/01\/Follower-with-women.jpg","datePublished":"2023-01-23T17:25:25+00:00","dateModified":"2023-02-27T02:09:56+00:00","breadcrumb":{"@id":"https:\/\/casamentos.quintadaeira.com\/galeria\/#breadcrumb"},"inLanguage":"en-US","potentialAction":[{"@type":"ReadAction","target":["https:\/\/casamentos.quintadaeira.com\/galeria\/"]}]},{"@type":"ImageObject","inLanguage":"en-US","@id":"https:\/\/casamentos.quintadaeira.com\/galeria\/#primaryimage","url":"https:\/\/casamentos.quintadaeira.com\/wp-content\/uploads\/2023\/01\/Follower-with-women.jpg","contentUrl":"https:\/\/casamentos.quintadaeira.com\/wp-content\/uploads\/2023\/01\/Follower-with-women.jpg"},{"@type":"BreadcrumbList","@id":"https:\/\/casamentos.quintadaeira.com\/galeria\/#breadcrumb","itemListElement":[{"@type":"ListItem","position":1,"name":"Home","item":"https:\/\/casamentos.quintadaeira.com\/"},{"@type":"ListItem","position":2,"name":"Galeria"}]},{"@type":"WebSite","@id":"https:\/\/casamentos.quintadaeira.com\/#website","url":"https:\/\/casamentos.quintadaeira.com\/","name":"Quinta da Eira | Casamentos","description":"Casamentos \u00danicos e Inesquec\u00edveis","publisher":{"@id":"https:\/\/casamentos.quintadaeira.com\/#organization"},"potentialAction":[{"@type":"SearchAction","target":{"@type":"EntryPoint","urlTemplate":"https:\/\/casamentos.quintadaeira.com\/?s={search_term_string}"},"query-input":{"@type":"PropertyValueSpecification","valueRequired":true,"valueName":"search_term_string"}}],"inLanguage":"en-US"},{"@type":"Organization","@id":"https:\/\/casamentos.quintadaeira.com\/#organization","name":"Quinta da Eira | Casamentos","url":"https:\/\/casamentos.quintadaeira.com\/","logo":{"@type":"ImageObject","inLanguage":"en-US","@id":"https:\/\/casamentos.quintadaeira.com\/#\/schema\/logo\/image\/","url":"https:\/\/casamentos.quintadaeira.com\/wp-content\/uploads\/2020\/04\/LOGO-B.png","contentUrl":"https:\/\/casamentos.quintadaeira.com\/wp-content\/uploads\/2020\/04\/LOGO-B.png","width":1132,"height":1642,"caption":"Quinta da Eira | Casamentos"},"image":{"@id":"https:\/\/casamentos.quintadaeira.com\/#\/schema\/logo\/image\/"}}]}},"_links":{"self":[{"href":"https:\/\/casamentos.quintadaeira.com\/en\/wp-json\/wp\/v2\/pages\/1245","targetHints":{"allow":["GET"]}}],"collection":[{"href":"https:\/\/casamentos.quintadaeira.com\/en\/wp-json\/wp\/v2\/pages"}],"about":[{"href":"https:\/\/casamentos.quintadaeira.com\/en\/wp-json\/wp\/v2\/types\/page"}],"author":[{"embeddable":true,"href":"https:\/\/casamentos.quintadaeira.com\/en\/wp-json\/wp\/v2\/users\/2"}],"replies":[{"embeddable":true,"href":"https:\/\/casamentos.quintadaeira.com\/en\/wp-json\/wp\/v2\/comments?post=1245"}],"version-history":[{"count":115,"href":"https:\/\/casamentos.quintadaeira.com\/en\/wp-json\/wp\/v2\/pages\/1245\/revisions"}],"predecessor-version":[{"id":3649,"href":"https:\/\/casamentos.quintadaeira.com\/en\/wp-json\/wp\/v2\/pages\/1245\/revisions\/3649"}],"wp:attachment":[{"href":"https:\/\/casamentos.quintadaeira.com\/en\/wp-json\/wp\/v2\/media?parent=1245"}],"curies":[{"name":"wp","href":"https:\/\/api.w.org\/{rel}","templated":true}]}}