{"id":32,"date":"2020-04-13T11:18:50","date_gmt":"2020-04-13T11:18:50","guid":{"rendered":"https:\/\/qecasamentos.pt\/services\/"},"modified":"2021-12-14T14:46:28","modified_gmt":"2021-12-14T14:46:28","slug":"services","status":"publish","type":"page","link":"https:\/\/casamentos.quintadaeira.com\/en\/services\/","title":{"rendered":"Servi\u00e7os"},"content":{"rendered":"<h1>Services<\/h1>\n<h2>Q Essencial<\/h2>\n<p>Constru\u00eddo a pensar na simplicidade, o <b>Q Essencial<\/b> re\u00fane todos os elementos imprescind\u00edveis na organiza\u00e7\u00e3o do seu casamento.&nbsp;<\/p>\n<p><a href=\"#\" role=\"button\"><br \/>\nContact<br \/>\n<\/a><br \/>\n<img loading=\"lazy\" decoding=\"async\" width=\"1024\" height=\"682\" src=\"https:\/\/qecasamentos.pt\/wp-content\/uploads\/2020\/04\/green-leafed-trees-during-fog-time-167684-1-1024x682.jpg\" alt=\"\" srcset=\"https:\/\/qecasamentos.pt\/wp-content\/uploads\/2020\/04\/green-leafed-trees-during-fog-time-167684-1-1024x682.jpg 1024w, https:\/\/qecasamentos.pt\/wp-content\/uploads\/2020\/04\/green-leafed-trees-during-fog-time-167684-1-300x200.jpg 300w, https:\/\/qecasamentos.pt\/wp-content\/uploads\/2020\/04\/green-leafed-trees-during-fog-time-167684-1-768x512.jpg 768w, https:\/\/qecasamentos.pt\/wp-content\/uploads\/2020\/04\/green-leafed-trees-during-fog-time-167684-1.jpg 1280w\" sizes=\"auto, (max-width: 1024px) 100vw, 1024px\"><br \/>\n<img loading=\"lazy\" decoding=\"async\" width=\"1024\" height=\"682\" src=\"https:\/\/qecasamentos.pt\/wp-content\/uploads\/2020\/04\/snowy-mountain-1287145-1-1024x682.jpg\" alt=\"\" srcset=\"https:\/\/qecasamentos.pt\/wp-content\/uploads\/2020\/04\/snowy-mountain-1287145-1-1024x682.jpg 1024w, https:\/\/qecasamentos.pt\/wp-content\/uploads\/2020\/04\/snowy-mountain-1287145-1-300x200.jpg 300w, https:\/\/qecasamentos.pt\/wp-content\/uploads\/2020\/04\/snowy-mountain-1287145-1-768x512.jpg 768w, https:\/\/qecasamentos.pt\/wp-content\/uploads\/2020\/04\/snowy-mountain-1287145-1.jpg 1280w\" sizes=\"auto, (max-width: 1024px) 100vw, 1024px\"><\/p>\n<h2>Q Prestige<\/h2>\n<p>A short description of your service. Lorem ipsm dolor amet, consec tetur adipis cing elit, sed do eiusmod tempor incid idunt ut labore et dolore magna aliqua. Ut enim ad minim veniam, quis nostrud exer citation ullamco la enim lorem isae ni.<\/p>\n<p><a href=\"#\" role=\"button\"><br \/>\nContact<br \/>\n<\/a><\/p>\n<h2>Q Absolute<\/h2>\n<p>A short description of your service. Lorem ipsm dolor amet, consec tetur adipis cing elit, sed do eiusmod tempor incid idunt ut labore et dolore magna aliqua. Ut enim ad minim veniam, quis nostrud exer citation ullamco la enim lorem isae ni.<\/p>\n<p><a href=\"#\" role=\"button\"><br \/>\nContact<br \/>\n<\/a><br \/>\n<img loading=\"lazy\" decoding=\"async\" width=\"1024\" height=\"682\" src=\"https:\/\/qecasamentos.pt\/wp-content\/uploads\/2020\/04\/photo-of-people-standing-on-top-of-mountain-near-grasses-733162-1-1024x682.jpg\" alt=\"\" srcset=\"https:\/\/qecasamentos.pt\/wp-content\/uploads\/2020\/04\/photo-of-people-standing-on-top-of-mountain-near-grasses-733162-1-1024x682.jpg 1024w, https:\/\/qecasamentos.pt\/wp-content\/uploads\/2020\/04\/photo-of-people-standing-on-top-of-mountain-near-grasses-733162-1-300x200.jpg 300w, https:\/\/qecasamentos.pt\/wp-content\/uploads\/2020\/04\/photo-of-people-standing-on-top-of-mountain-near-grasses-733162-1-768x512.jpg 768w, https:\/\/qecasamentos.pt\/wp-content\/uploads\/2020\/04\/photo-of-people-standing-on-top-of-mountain-near-grasses-733162-1.jpg 1280w\" sizes=\"auto, (max-width: 1024px) 100vw, 1024px\"><\/p>\n<h2>F.A.Q.<\/h2>\n<p>Lorem ipsum dolor sit amet.<\/p>\n<p><a href=\"\">Occaecati simili terafvd que?<\/a><\/p>\n<p>Lorem ipsum dolor sit amet, consectetur adipiscing elit. Ut elit tellus, luctus nec ullamcorper mattis, pulvinar dapibus leo.<\/p>\n<p><a href=\"\">Massa quosoluta yrvagsv aja?<\/a><\/p>\n<p>Lorem ipsum dolor sit amet, consectetur adipiscing elit. Ut elit tellus, luctus nec ullamcorper mattis, pulvinar dapibus leo.<\/p>\n<p><a href=\"\">Nam error corrupssa, suspendisse pv ehicula eleifend?<\/a><br \/>\nLorem ipsum dolor sit amet, consectetur adipiscing elit. Ut elit tellus, luctus nec ullamcorper mattis, pulvinar dapibus leo.<br \/>\n<a href=\"\">Doloremque placeat iaculis, minim adipisicing?<\/a><br \/>\nLorem ipsum dolor sit amet, consectetur adipiscing elit. Ut elit tellus, luctus nec ullamcorper mattis, pulvinar dapibus leo.<br \/>\n<a href=\"\">Voluptates omnis quasi do esse qui?<\/a><br \/>\nLorem ipsum dolor sit amet, consectetur adipiscing elit. Ut elit tellus, luctus nec ullamcorper mattis, pulvinar dapibus leo.<\/p>","protected":false},"excerpt":{"rendered":"<p>Services Q Essencial Constru\u00eddo a pensar na simplicidade, o Q Essencial re\u00fane todos os elementos imprescind\u00edveis na organiza\u00e7\u00e3o do seu casamento.&nbsp; Contact Q Prestige A short description of your service. Lorem ipsm dolor amet, consec tetur adipis cing elit, sed do eiusmod tempor incid idunt ut labore et dolore magna aliqua. Ut enim ad minim &hellip;<\/p>\n<p class=\"read-more\"> <a class=\"\" href=\"https:\/\/casamentos.quintadaeira.com\/en\/services\/\"> <span class=\"screen-reader-text\">Servi\u00e7os<\/span> Read More &raquo;<\/a><\/p>","protected":false},"author":1,"featured_media":0,"parent":0,"menu_order":0,"comment_status":"closed","ping_status":"closed","template":"","meta":{"site-sidebar-layout":"no-sidebar","site-content-layout":"page-builder","ast-global-header-display":"","ast-banner-title-visibility":"","ast-main-header-display":"","ast-hfb-above-header-display":"","ast-hfb-below-header-display":"","ast-hfb-mobile-header-display":"","site-post-title":"disabled","ast-breadcrumbs-content":"","ast-featured-img":"","footer-sml-layout":"","theme-transparent-header-meta":"enabled","adv-header-id-meta":"","stick-header-meta":"","header-above-stick-meta":"","header-main-stick-meta":"","header-below-stick-meta":"","footnotes":""},"class_list":["post-32","page","type-page","status-publish","hentry"],"yoast_head":"<!-- This site is optimized with the Yoast SEO plugin v26.2 - https:\/\/yoast.com\/wordpress\/plugins\/seo\/ -->\n<title>Servi\u00e7os - Quinta da Eira | Casamentos<\/title>\n<meta name=\"robots\" content=\"index, follow, max-snippet:-1, max-image-preview:large, max-video-preview:-1\" \/>\n<link rel=\"canonical\" href=\"https:\/\/casamentos.quintadaeira.com\/en\/services\/\" \/>\n<meta property=\"og:locale\" content=\"en_US\" \/>\n<meta property=\"og:type\" content=\"article\" \/>\n<meta property=\"og:title\" content=\"Servi\u00e7os - Quinta da Eira | Casamentos\" \/>\n<meta property=\"og:description\" content=\"Services Q Essencial Constru\u00eddo a pensar na simplicidade, o Q Essencial re\u00fane todos os elementos imprescind\u00edveis na organiza\u00e7\u00e3o do seu casamento.&nbsp; Contact Q Prestige A short description of your service. Lorem ipsm dolor amet, consec tetur adipis cing elit, sed do eiusmod tempor incid idunt ut labore et dolore magna aliqua. Ut enim ad minim &hellip; Servi\u00e7os Read More &raquo;\" \/>\n<meta property=\"og:url\" content=\"https:\/\/casamentos.quintadaeira.com\/en\/services\/\" \/>\n<meta property=\"og:site_name\" content=\"Quinta da Eira | Casamentos\" \/>\n<meta property=\"article:modified_time\" content=\"2021-12-14T14:46:28+00:00\" \/>\n<meta property=\"og:image\" content=\"https:\/\/qecasamentos.pt\/wp-content\/uploads\/2020\/04\/green-leafed-trees-during-fog-time-167684-1-1024x682.jpg\" \/>\n<meta name=\"twitter:card\" content=\"summary_large_image\" \/>\n<meta name=\"twitter:label1\" content=\"Est. reading time\" \/>\n\t<meta name=\"twitter:data1\" content=\"2 minutes\" \/>\n<script type=\"application\/ld+json\" class=\"yoast-schema-graph\">{\"@context\":\"https:\/\/schema.org\",\"@graph\":[{\"@type\":\"WebPage\",\"@id\":\"https:\/\/casamentos.quintadaeira.com\/services\/\",\"url\":\"https:\/\/casamentos.quintadaeira.com\/services\/\",\"name\":\"Servi\u00e7os - Quinta da Eira | Casamentos\",\"isPartOf\":{\"@id\":\"https:\/\/casamentos.quintadaeira.com\/#website\"},\"primaryImageOfPage\":{\"@id\":\"https:\/\/casamentos.quintadaeira.com\/services\/#primaryimage\"},\"image\":{\"@id\":\"https:\/\/casamentos.quintadaeira.com\/services\/#primaryimage\"},\"thumbnailUrl\":\"https:\/\/qecasamentos.pt\/wp-content\/uploads\/2020\/04\/green-leafed-trees-during-fog-time-167684-1-1024x682.jpg\",\"datePublished\":\"2020-04-13T11:18:50+00:00\",\"dateModified\":\"2021-12-14T14:46:28+00:00\",\"breadcrumb\":{\"@id\":\"https:\/\/casamentos.quintadaeira.com\/services\/#breadcrumb\"},\"inLanguage\":\"en-US\",\"potentialAction\":[{\"@type\":\"ReadAction\",\"target\":[\"https:\/\/casamentos.quintadaeira.com\/services\/\"]}]},{\"@type\":\"ImageObject\",\"inLanguage\":\"en-US\",\"@id\":\"https:\/\/casamentos.quintadaeira.com\/services\/#primaryimage\",\"url\":\"https:\/\/qecasamentos.pt\/wp-content\/uploads\/2020\/04\/green-leafed-trees-during-fog-time-167684-1-1024x682.jpg\",\"contentUrl\":\"https:\/\/qecasamentos.pt\/wp-content\/uploads\/2020\/04\/green-leafed-trees-during-fog-time-167684-1-1024x682.jpg\"},{\"@type\":\"BreadcrumbList\",\"@id\":\"https:\/\/casamentos.quintadaeira.com\/services\/#breadcrumb\",\"itemListElement\":[{\"@type\":\"ListItem\",\"position\":1,\"name\":\"Home\",\"item\":\"https:\/\/casamentos.quintadaeira.com\/\"},{\"@type\":\"ListItem\",\"position\":2,\"name\":\"Servi\u00e7os\"}]},{\"@type\":\"WebSite\",\"@id\":\"https:\/\/casamentos.quintadaeira.com\/#website\",\"url\":\"https:\/\/casamentos.quintadaeira.com\/\",\"name\":\"Quinta da Eira | Casamentos\",\"description\":\"Casamentos \u00danicos e Inesquec\u00edveis\",\"publisher\":{\"@id\":\"https:\/\/casamentos.quintadaeira.com\/#organization\"},\"potentialAction\":[{\"@type\":\"SearchAction\",\"target\":{\"@type\":\"EntryPoint\",\"urlTemplate\":\"https:\/\/casamentos.quintadaeira.com\/?s={search_term_string}\"},\"query-input\":{\"@type\":\"PropertyValueSpecification\",\"valueRequired\":true,\"valueName\":\"search_term_string\"}}],\"inLanguage\":\"en-US\"},{\"@type\":\"Organization\",\"@id\":\"https:\/\/casamentos.quintadaeira.com\/#organization\",\"name\":\"Quinta da Eira | Casamentos\",\"url\":\"https:\/\/casamentos.quintadaeira.com\/\",\"logo\":{\"@type\":\"ImageObject\",\"inLanguage\":\"en-US\",\"@id\":\"https:\/\/casamentos.quintadaeira.com\/#\/schema\/logo\/image\/\",\"url\":\"https:\/\/casamentos.quintadaeira.com\/wp-content\/uploads\/2020\/04\/LOGO-B.png\",\"contentUrl\":\"https:\/\/casamentos.quintadaeira.com\/wp-content\/uploads\/2020\/04\/LOGO-B.png\",\"width\":1132,\"height\":1642,\"caption\":\"Quinta da Eira | Casamentos\"},\"image\":{\"@id\":\"https:\/\/casamentos.quintadaeira.com\/#\/schema\/logo\/image\/\"}}]}<\/script>\n<!-- \/ Yoast SEO plugin. -->","yoast_head_json":{"title":"Servi\u00e7os - Quinta da Eira | Casamentos","robots":{"index":"index","follow":"follow","max-snippet":"max-snippet:-1","max-image-preview":"max-image-preview:large","max-video-preview":"max-video-preview:-1"},"canonical":"https:\/\/casamentos.quintadaeira.com\/en\/services\/","og_locale":"en_US","og_type":"article","og_title":"Servi\u00e7os - Quinta da Eira | Casamentos","og_description":"Services Q Essencial Constru\u00eddo a pensar na simplicidade, o Q Essencial re\u00fane todos os elementos imprescind\u00edveis na organiza\u00e7\u00e3o do seu casamento.&nbsp; Contact Q Prestige A short description of your service. Lorem ipsm dolor amet, consec tetur adipis cing elit, sed do eiusmod tempor incid idunt ut labore et dolore magna aliqua. Ut enim ad minim &hellip; Servi\u00e7os Read More &raquo;","og_url":"https:\/\/casamentos.quintadaeira.com\/en\/services\/","og_site_name":"Quinta da Eira | Casamentos","article_modified_time":"2021-12-14T14:46:28+00:00","og_image":[{"url":"https:\/\/qecasamentos.pt\/wp-content\/uploads\/2020\/04\/green-leafed-trees-during-fog-time-167684-1-1024x682.jpg","type":"","width":"","height":""}],"twitter_card":"summary_large_image","twitter_misc":{"Est. reading time":"2 minutes"},"schema":{"@context":"https:\/\/schema.org","@graph":[{"@type":"WebPage","@id":"https:\/\/casamentos.quintadaeira.com\/services\/","url":"https:\/\/casamentos.quintadaeira.com\/services\/","name":"Servi\u00e7os - Quinta da Eira | Casamentos","isPartOf":{"@id":"https:\/\/casamentos.quintadaeira.com\/#website"},"primaryImageOfPage":{"@id":"https:\/\/casamentos.quintadaeira.com\/services\/#primaryimage"},"image":{"@id":"https:\/\/casamentos.quintadaeira.com\/services\/#primaryimage"},"thumbnailUrl":"https:\/\/qecasamentos.pt\/wp-content\/uploads\/2020\/04\/green-leafed-trees-during-fog-time-167684-1-1024x682.jpg","datePublished":"2020-04-13T11:18:50+00:00","dateModified":"2021-12-14T14:46:28+00:00","breadcrumb":{"@id":"https:\/\/casamentos.quintadaeira.com\/services\/#breadcrumb"},"inLanguage":"en-US","potentialAction":[{"@type":"ReadAction","target":["https:\/\/casamentos.quintadaeira.com\/services\/"]}]},{"@type":"ImageObject","inLanguage":"en-US","@id":"https:\/\/casamentos.quintadaeira.com\/services\/#primaryimage","url":"https:\/\/qecasamentos.pt\/wp-content\/uploads\/2020\/04\/green-leafed-trees-during-fog-time-167684-1-1024x682.jpg","contentUrl":"https:\/\/qecasamentos.pt\/wp-content\/uploads\/2020\/04\/green-leafed-trees-during-fog-time-167684-1-1024x682.jpg"},{"@type":"BreadcrumbList","@id":"https:\/\/casamentos.quintadaeira.com\/services\/#breadcrumb","itemListElement":[{"@type":"ListItem","position":1,"name":"Home","item":"https:\/\/casamentos.quintadaeira.com\/"},{"@type":"ListItem","position":2,"name":"Servi\u00e7os"}]},{"@type":"WebSite","@id":"https:\/\/casamentos.quintadaeira.com\/#website","url":"https:\/\/casamentos.quintadaeira.com\/","name":"Quinta da Eira | Casamentos","description":"Casamentos \u00danicos e Inesquec\u00edveis","publisher":{"@id":"https:\/\/casamentos.quintadaeira.com\/#organization"},"potentialAction":[{"@type":"SearchAction","target":{"@type":"EntryPoint","urlTemplate":"https:\/\/casamentos.quintadaeira.com\/?s={search_term_string}"},"query-input":{"@type":"PropertyValueSpecification","valueRequired":true,"valueName":"search_term_string"}}],"inLanguage":"en-US"},{"@type":"Organization","@id":"https:\/\/casamentos.quintadaeira.com\/#organization","name":"Quinta da Eira | Casamentos","url":"https:\/\/casamentos.quintadaeira.com\/","logo":{"@type":"ImageObject","inLanguage":"en-US","@id":"https:\/\/casamentos.quintadaeira.com\/#\/schema\/logo\/image\/","url":"https:\/\/casamentos.quintadaeira.com\/wp-content\/uploads\/2020\/04\/LOGO-B.png","contentUrl":"https:\/\/casamentos.quintadaeira.com\/wp-content\/uploads\/2020\/04\/LOGO-B.png","width":1132,"height":1642,"caption":"Quinta da Eira | Casamentos"},"image":{"@id":"https:\/\/casamentos.quintadaeira.com\/#\/schema\/logo\/image\/"}}]}},"_links":{"self":[{"href":"https:\/\/casamentos.quintadaeira.com\/en\/wp-json\/wp\/v2\/pages\/32","targetHints":{"allow":["GET"]}}],"collection":[{"href":"https:\/\/casamentos.quintadaeira.com\/en\/wp-json\/wp\/v2\/pages"}],"about":[{"href":"https:\/\/casamentos.quintadaeira.com\/en\/wp-json\/wp\/v2\/types\/page"}],"author":[{"embeddable":true,"href":"https:\/\/casamentos.quintadaeira.com\/en\/wp-json\/wp\/v2\/users\/1"}],"replies":[{"embeddable":true,"href":"https:\/\/casamentos.quintadaeira.com\/en\/wp-json\/wp\/v2\/comments?post=32"}],"version-history":[{"count":5,"href":"https:\/\/casamentos.quintadaeira.com\/en\/wp-json\/wp\/v2\/pages\/32\/revisions"}],"predecessor-version":[{"id":690,"href":"https:\/\/casamentos.quintadaeira.com\/en\/wp-json\/wp\/v2\/pages\/32\/revisions\/690"}],"wp:attachment":[{"href":"https:\/\/casamentos.quintadaeira.com\/en\/wp-json\/wp\/v2\/media?parent=32"}],"curies":[{"name":"wp","href":"https:\/\/api.w.org\/{rel}","templated":true}]}}